{"id":507,"date":"2024-10-24T07:49:26","date_gmt":"2024-10-24T07:49:26","guid":{"rendered":"https:\/\/ecodenet.com\/ed2023\/?page_id=507"},"modified":"2024-10-24T08:01:03","modified_gmt":"2024-10-24T08:01:03","slug":"best-papers","status":"publish","type":"page","link":"https:\/\/ecodenet.com\/ed2023\/best-papers\/","title":{"rendered":"Best Papers"},"content":{"rendered":"\n<figure class=\"wp-block-image size-full\"><img loading=\"lazy\" decoding=\"async\" width=\"950\" height=\"237\" src=\"https:\/\/ecodenet.com\/ed2023\/wp-content\/uploads\/2024\/10\/banner_top.jpg\" alt=\"\" class=\"wp-image-509\" srcset=\"https:\/\/ecodenet.com\/ed2023\/wp-content\/uploads\/2024\/10\/banner_top.jpg 950w, https:\/\/ecodenet.com\/ed2023\/wp-content\/uploads\/2024\/10\/banner_top-300x75.jpg 300w, https:\/\/ecodenet.com\/ed2023\/wp-content\/uploads\/2024\/10\/banner_top-768x192.jpg 768w\" sizes=\"auto, (max-width: 950px) 100vw, 950px\" \/><\/figure>\n\n\n\n<p>EcoDesign2023 Best papers Awards were awarded to the following authors and papers.<br>The Best Papers were selected from 73 e-book papers. The papers were evaluated in their scientific contribusion, practical contribution, and relevance to the symposium topics.<br><\/p>\n\n\n\n<p>\u30fbLeander Pantelatos (1), Casper Boks (1), Elli Verhulst (1)<br>\u3000 (1. Norwegian University of Science and Technology, Norway)<br>\u3000\u201cRepurposing Lithium-ion Batteries for the Household Context: An Industry Investigation in Norway\u201d<br><\/p>\n\n\n\n<p>\u30fbJundai Koketsu(1)\u3001Aya Ishigaki(1) <br>\u3000(1. Tokyo University of Science)<br>\u3000\u201cFacility location problem of stationary and mobile hydrogen refueling stations considering transport risk for hydrogen\u201d<\/p>\n\n\n\n<p>\u30fbGiovanni Formentini (1), Rembrandt H.E.M. Koppelaar (2), Deborah Leone (6), Siro Dell&#8217;Ambrogio (6), Alessandro Fontana (6), Fabiana Guggiari (6), Tina Frangez (3), Slavko Dvor\u0161ak (3), Janez Matav\u0161 (4), Kristina Obu Vazner (4), Luc\u00eda Herreras Mart\u00ednez (5), Eniko Hajosi (5), Devarajan Ramanujan (1) <br>\u3000(1.Aarhus University, Denmark, 2.EcoWise Ekodenge Ltd., UK, 3.Surovina d.o.o. Ul., Slovenia, 4.Gorenje, Slovenia, 5.WEEEForum, Belgium, 6.University of Applied Sciences and Arts of Southern Switzerland)<br>\u3000\u201cInformation Needs for Establishing Circularity Focused Collaborations Among Product Manufacturers and Recyclers\u201d<\/p>\n\n\n\n<p>The papers were included in the proceedings that were delivered to the symposium participants. Also, the papers become available through the E-book proceedings which are published by Springer in 2024. <\/p>\n\n\n\n<p>EcoDesign2023 Award Committee<br>&#8211; [Chair] Masui, Keijiro (AIST, Japan)<br>&#8211; Fukushige, Shinichi (Waseda University, Japan)<br>&#8211; Nils F. Nissen (Fraunhofer IZM, Germany)<br>&#8211; Allen H. Hu (National Taipei University of Technology, Taiwan)<br>&#8211; Casper Boks (Norwegian University of Science and Technology, Norway)<br><br><\/p>\n\n\n\n<p><\/p>\n","protected":false},"excerpt":{"rendered":"<p>EcoDesign2023 Best papers Awards were awarded to the following authors and papers.The Best Papers were selecte [&hellip;]<\/p>\n","protected":false},"author":1,"featured_media":0,"parent":0,"menu_order":7,"comment_status":"closed","ping_status":"closed","template":"","meta":{"footnotes":""},"class_list":["post-507","page","type-page","status-publish","hentry"],"_links":{"self":[{"href":"https:\/\/ecodenet.com\/ed2023\/wp-json\/wp\/v2\/pages\/507","targetHints":{"allow":["GET"]}}],"collection":[{"href":"https:\/\/ecodenet.com\/ed2023\/wp-json\/wp\/v2\/pages"}],"about":[{"href":"https:\/\/ecodenet.com\/ed2023\/wp-json\/wp\/v2\/types\/page"}],"author":[{"embeddable":true,"href":"https:\/\/ecodenet.com\/ed2023\/wp-json\/wp\/v2\/users\/1"}],"replies":[{"embeddable":true,"href":"https:\/\/ecodenet.com\/ed2023\/wp-json\/wp\/v2\/comments?post=507"}],"version-history":[{"count":4,"href":"https:\/\/ecodenet.com\/ed2023\/wp-json\/wp\/v2\/pages\/507\/revisions"}],"predecessor-version":[{"id":515,"href":"https:\/\/ecodenet.com\/ed2023\/wp-json\/wp\/v2\/pages\/507\/revisions\/515"}],"wp:attachment":[{"href":"https:\/\/ecodenet.com\/ed2023\/wp-json\/wp\/v2\/media?parent=507"}],"curies":[{"name":"wp","href":"https:\/\/api.w.org\/{rel}","templated":true}]}}